{"id":15309,"date":"2024-11-18T03:09:23","date_gmt":"2024-11-18T08:09:23","guid":{"rendered":"https:\/\/www.vtsac.com\/?post_type=product&#038;p=15309"},"modified":"2024-11-18T03:12:16","modified_gmt":"2024-11-18T08:12:16","slug":"laminado-premium-90gr-x-70%c2%b5m-matte-glossy","status":"publish","type":"product","link":"https:\/\/www.vtsac.com\/?product=laminado-premium-90gr-x-70%c2%b5m-matte-glossy","title":{"rendered":"Laminado Premium 90gr x 70\u00b5m Matte\/Glossy"},"content":{"rendered":"<p><strong>USO:<\/strong> Ayuda a la protecci\u00f3n de vinilos ya impresos.<br \/>\n<strong>APLICACIONES:<\/strong> Laminaci\u00f3n de publicidad, se aplica con m\u00e1quina laminadora al fr\u00edo o calor.<\/p>\n","protected":false},"excerpt":{"rendered":"<p>Pel\u00edcula de pvc revestimiento blanco, pel\u00edcula de laminaci\u00f3n en fr\u00edo y calor.<\/p>\n","protected":false},"featured_media":0,"comment_status":"open","ping_status":"closed","template":"","meta":[],"product_brand":[],"product_cat":[73],"product_tag":[],"class_list":{"0":"post-15309","1":"product","2":"type-product","3":"status-publish","5":"product_cat-viniles","7":"first","8":"instock","9":"shipping-taxable","10":"product-type-simple"},"_links":{"self":[{"href":"https:\/\/www.vtsac.com\/index.php?rest_route=\/wp\/v2\/product\/15309","targetHints":{"allow":["GET"]}}],"collection":[{"href":"https:\/\/www.vtsac.com\/index.php?rest_route=\/wp\/v2\/product"}],"about":[{"href":"https:\/\/www.vtsac.com\/index.php?rest_route=\/wp\/v2\/types\/product"}],"replies":[{"embeddable":true,"href":"https:\/\/www.vtsac.com\/index.php?rest_route=%2Fwp%2Fv2%2Fcomments&post=15309"}],"wp:attachment":[{"href":"https:\/\/www.vtsac.com\/index.php?rest_route=%2Fwp%2Fv2%2Fmedia&parent=15309"}],"wp:term":[{"taxonomy":"product_brand","embeddable":true,"href":"https:\/\/www.vtsac.com\/index.php?rest_route=%2Fwp%2Fv2%2Fproduct_brand&post=15309"},{"taxonomy":"product_cat","embeddable":true,"href":"https:\/\/www.vtsac.com\/index.php?rest_route=%2Fwp%2Fv2%2Fproduct_cat&post=15309"},{"taxonomy":"product_tag","embeddable":true,"href":"https:\/\/www.vtsac.com\/index.php?rest_route=%2Fwp%2Fv2%2Fproduct_tag&post=15309"}],"curies":[{"name":"wp","href":"https:\/\/api.w.org\/{rel}","templated":true}]}}