{"id":15308,"date":"2024-11-18T03:05:52","date_gmt":"2024-11-18T08:05:52","guid":{"rendered":"https:\/\/www.vtsac.com\/?post_type=product&#038;p=15308"},"modified":"2024-11-18T03:09:01","modified_gmt":"2024-11-18T08:09:01","slug":"blacklite-film-matte","status":"publish","type":"product","link":"https:\/\/www.vtsac.com\/?product=blacklite-film-matte","title":{"rendered":"Blacklite Film Matte"},"content":{"rendered":"<p><strong>USO:<\/strong> Para caja de luces.<br \/>\n<strong>APLICACIONES:<\/strong> Impresi\u00f3n en m\u00e1quina eco solvente &#8211; UV.<\/p>\n","protected":false},"excerpt":{"rendered":"<p>Pel\u00edcula de pvc, revestimiento amarillo, pel\u00edcula de laminaci\u00f3n en fr\u00edo y calor.<\/p>\n","protected":false},"featured_media":0,"comment_status":"open","ping_status":"closed","template":"","meta":[],"product_brand":[],"product_cat":[73],"product_tag":[],"class_list":{"0":"post-15308","1":"product","2":"type-product","3":"status-publish","5":"product_cat-viniles","7":"first","8":"instock","9":"shipping-taxable","10":"product-type-simple"},"_links":{"self":[{"href":"https:\/\/www.vtsac.com\/index.php?rest_route=\/wp\/v2\/product\/15308","targetHints":{"allow":["GET"]}}],"collection":[{"href":"https:\/\/www.vtsac.com\/index.php?rest_route=\/wp\/v2\/product"}],"about":[{"href":"https:\/\/www.vtsac.com\/index.php?rest_route=\/wp\/v2\/types\/product"}],"replies":[{"embeddable":true,"href":"https:\/\/www.vtsac.com\/index.php?rest_route=%2Fwp%2Fv2%2Fcomments&post=15308"}],"wp:attachment":[{"href":"https:\/\/www.vtsac.com\/index.php?rest_route=%2Fwp%2Fv2%2Fmedia&parent=15308"}],"wp:term":[{"taxonomy":"product_brand","embeddable":true,"href":"https:\/\/www.vtsac.com\/index.php?rest_route=%2Fwp%2Fv2%2Fproduct_brand&post=15308"},{"taxonomy":"product_cat","embeddable":true,"href":"https:\/\/www.vtsac.com\/index.php?rest_route=%2Fwp%2Fv2%2Fproduct_cat&post=15308"},{"taxonomy":"product_tag","embeddable":true,"href":"https:\/\/www.vtsac.com\/index.php?rest_route=%2Fwp%2Fv2%2Fproduct_tag&post=15308"}],"curies":[{"name":"wp","href":"https:\/\/api.w.org\/{rel}","templated":true}]}}