{"id":15306,"date":"2024-11-18T03:02:59","date_gmt":"2024-11-18T08:02:59","guid":{"rendered":"https:\/\/www.vtsac.com\/?post_type=product&#038;p=15306"},"modified":"2024-11-18T03:05:10","modified_gmt":"2024-11-18T08:05:10","slug":"vinil-pavonado-2-matte","status":"publish","type":"product","link":"https:\/\/www.vtsac.com\/?product=vinil-pavonado-2-matte","title":{"rendered":"Vinil Pavonado 2 Matte"},"content":{"rendered":"<p><strong>USO:<\/strong> Vinilo de uso decorativo en vidrios o cristal por alguna raz\u00f3n comercial, oficina o mampara.<br \/>\n<strong>APLICACIONES:<\/strong> Para obtener una m\u00e1xima adhesi\u00f3n inicial, presione firmemente con un rodillo de goma o esp\u00e1tula de pl\u00e1stico de 5 cm.<\/p>\n","protected":false},"excerpt":{"rendered":"<p>Ideal para publicidad interior y exterior, el adhesivo es ideal para superficies de vidrio.<\/p>\n","protected":false},"featured_media":0,"comment_status":"open","ping_status":"closed","template":"","meta":[],"product_brand":[],"product_cat":[73],"product_tag":[],"class_list":{"0":"post-15306","1":"product","2":"type-product","3":"status-publish","5":"product_cat-viniles","7":"first","8":"instock","9":"shipping-taxable","10":"product-type-simple"},"_links":{"self":[{"href":"https:\/\/www.vtsac.com\/index.php?rest_route=\/wp\/v2\/product\/15306","targetHints":{"allow":["GET"]}}],"collection":[{"href":"https:\/\/www.vtsac.com\/index.php?rest_route=\/wp\/v2\/product"}],"about":[{"href":"https:\/\/www.vtsac.com\/index.php?rest_route=\/wp\/v2\/types\/product"}],"replies":[{"embeddable":true,"href":"https:\/\/www.vtsac.com\/index.php?rest_route=%2Fwp%2Fv2%2Fcomments&post=15306"}],"wp:attachment":[{"href":"https:\/\/www.vtsac.com\/index.php?rest_route=%2Fwp%2Fv2%2Fmedia&parent=15306"}],"wp:term":[{"taxonomy":"product_brand","embeddable":true,"href":"https:\/\/www.vtsac.com\/index.php?rest_route=%2Fwp%2Fv2%2Fproduct_brand&post=15306"},{"taxonomy":"product_cat","embeddable":true,"href":"https:\/\/www.vtsac.com\/index.php?rest_route=%2Fwp%2Fv2%2Fproduct_cat&post=15306"},{"taxonomy":"product_tag","embeddable":true,"href":"https:\/\/www.vtsac.com\/index.php?rest_route=%2Fwp%2Fv2%2Fproduct_tag&post=15306"}],"curies":[{"name":"wp","href":"https:\/\/api.w.org\/{rel}","templated":true}]}}