{"id":15301,"date":"2024-11-18T02:44:00","date_gmt":"2024-11-18T07:44:00","guid":{"rendered":"https:\/\/www.vtsac.com\/?post_type=product&#038;p=15301"},"modified":"2024-11-18T02:46:00","modified_gmt":"2024-11-18T07:46:00","slug":"vinil-reflectivo-3200","status":"publish","type":"product","link":"https:\/\/www.vtsac.com\/?product=vinil-reflectivo-3200","title":{"rendered":"Vinil Reflectivo 3200"},"content":{"rendered":"<p><strong>USO:<\/strong> Vinil prism\u00e1tico, est\u00e1 dise\u00f1ado para la producci\u00f3n de se\u00f1ales de transito no criticas y etiquetas sensibles a presi\u00f3n.<br \/>\n<strong>APLICACIONES:<\/strong> Para obtener una m\u00e1xima adhesi\u00f3n inicial, presione firmemente con un rodillo de goma o esp\u00e1tula de pl\u00e1stico de 5 cm.<\/p>\n","protected":false},"excerpt":{"rendered":"<p>Vinil reflectivo grado ingenier\u00eda con adhesivo sensible a la presi\u00f3n, con un liner que se despega f\u00e1cilmente.<\/p>\n","protected":false},"featured_media":0,"comment_status":"open","ping_status":"closed","template":"","meta":[],"product_brand":[],"product_cat":[73],"product_tag":[],"class_list":{"0":"post-15301","1":"product","2":"type-product","3":"status-publish","5":"product_cat-viniles","7":"first","8":"instock","9":"shipping-taxable","10":"product-type-simple"},"_links":{"self":[{"href":"https:\/\/www.vtsac.com\/index.php?rest_route=\/wp\/v2\/product\/15301","targetHints":{"allow":["GET"]}}],"collection":[{"href":"https:\/\/www.vtsac.com\/index.php?rest_route=\/wp\/v2\/product"}],"about":[{"href":"https:\/\/www.vtsac.com\/index.php?rest_route=\/wp\/v2\/types\/product"}],"replies":[{"embeddable":true,"href":"https:\/\/www.vtsac.com\/index.php?rest_route=%2Fwp%2Fv2%2Fcomments&post=15301"}],"wp:attachment":[{"href":"https:\/\/www.vtsac.com\/index.php?rest_route=%2Fwp%2Fv2%2Fmedia&parent=15301"}],"wp:term":[{"taxonomy":"product_brand","embeddable":true,"href":"https:\/\/www.vtsac.com\/index.php?rest_route=%2Fwp%2Fv2%2Fproduct_brand&post=15301"},{"taxonomy":"product_cat","embeddable":true,"href":"https:\/\/www.vtsac.com\/index.php?rest_route=%2Fwp%2Fv2%2Fproduct_cat&post=15301"},{"taxonomy":"product_tag","embeddable":true,"href":"https:\/\/www.vtsac.com\/index.php?rest_route=%2Fwp%2Fv2%2Fproduct_tag&post=15301"}],"curies":[{"name":"wp","href":"https:\/\/api.w.org\/{rel}","templated":true}]}}