{"id":15300,"date":"2024-11-18T02:39:30","date_gmt":"2024-11-18T07:39:30","guid":{"rendered":"https:\/\/www.vtsac.com\/?post_type=product&#038;p=15300"},"modified":"2024-11-18T02:46:21","modified_gmt":"2024-11-18T07:46:21","slug":"vinil-prismatico","status":"publish","type":"product","link":"https:\/\/www.vtsac.com\/?product=vinil-prismatico","title":{"rendered":"Vinil Prism\u00e1tico"},"content":{"rendered":"<p><strong>USO:<\/strong> Vinil prism\u00e1tico, est\u00e1 dise\u00f1ado para la producci\u00f3n de se\u00f1ales de transito no criticas y etiquetas sensibles a presi\u00f3n.<br \/>\n<strong>APLICACIONES:<\/strong> Para obtener una m\u00e1xima adhesi\u00f3n inicial, presione firmemente con un rodillo de goma o esp\u00e1tula de pl\u00e1stico de 5 cm.<\/p>\n","protected":false},"excerpt":{"rendered":"<p>Vinil prisma o alta intensidad dise\u00f1ada para la fabricaci\u00f3n de se\u00f1ales de control de trafico y seguridad.<\/p>\n","protected":false},"featured_media":0,"comment_status":"open","ping_status":"closed","template":"","meta":[],"product_brand":[],"product_cat":[73],"product_tag":[],"class_list":{"0":"post-15300","1":"product","2":"type-product","3":"status-publish","5":"product_cat-viniles","7":"first","8":"instock","9":"shipping-taxable","10":"product-type-simple"},"_links":{"self":[{"href":"https:\/\/www.vtsac.com\/index.php?rest_route=\/wp\/v2\/product\/15300","targetHints":{"allow":["GET"]}}],"collection":[{"href":"https:\/\/www.vtsac.com\/index.php?rest_route=\/wp\/v2\/product"}],"about":[{"href":"https:\/\/www.vtsac.com\/index.php?rest_route=\/wp\/v2\/types\/product"}],"replies":[{"embeddable":true,"href":"https:\/\/www.vtsac.com\/index.php?rest_route=%2Fwp%2Fv2%2Fcomments&post=15300"}],"wp:attachment":[{"href":"https:\/\/www.vtsac.com\/index.php?rest_route=%2Fwp%2Fv2%2Fmedia&parent=15300"}],"wp:term":[{"taxonomy":"product_brand","embeddable":true,"href":"https:\/\/www.vtsac.com\/index.php?rest_route=%2Fwp%2Fv2%2Fproduct_brand&post=15300"},{"taxonomy":"product_cat","embeddable":true,"href":"https:\/\/www.vtsac.com\/index.php?rest_route=%2Fwp%2Fv2%2Fproduct_cat&post=15300"},{"taxonomy":"product_tag","embeddable":true,"href":"https:\/\/www.vtsac.com\/index.php?rest_route=%2Fwp%2Fv2%2Fproduct_tag&post=15300"}],"curies":[{"name":"wp","href":"https:\/\/api.w.org\/{rel}","templated":true}]}}