{"id":15292,"date":"2024-11-18T02:20:03","date_gmt":"2024-11-18T07:20:03","guid":{"rendered":"https:\/\/www.vtsac.com\/?post_type=product&#038;p=15292"},"modified":"2024-11-18T02:29:22","modified_gmt":"2024-11-18T07:29:22","slug":"vinil-eco-120gr-x-80%c2%b5m-mate-brillante","status":"publish","type":"product","link":"https:\/\/www.vtsac.com\/?product=vinil-eco-120gr-x-80%c2%b5m-mate-brillante","title":{"rendered":"Vinil Eco 120gr x 80\u00b5m Mate\/Brillante"},"content":{"rendered":"","protected":false},"excerpt":{"rendered":"<p>Vinil para campa\u00f1as cortas s\u00faper econ\u00f3micas.<\/p>\n","protected":false},"featured_media":0,"comment_status":"open","ping_status":"closed","template":"","meta":[],"product_brand":[],"product_cat":[73],"product_tag":[],"class_list":{"0":"post-15292","1":"product","2":"type-product","3":"status-publish","5":"product_cat-viniles","7":"first","8":"instock","9":"shipping-taxable","10":"product-type-simple"},"_links":{"self":[{"href":"https:\/\/www.vtsac.com\/index.php?rest_route=\/wp\/v2\/product\/15292","targetHints":{"allow":["GET"]}}],"collection":[{"href":"https:\/\/www.vtsac.com\/index.php?rest_route=\/wp\/v2\/product"}],"about":[{"href":"https:\/\/www.vtsac.com\/index.php?rest_route=\/wp\/v2\/types\/product"}],"replies":[{"embeddable":true,"href":"https:\/\/www.vtsac.com\/index.php?rest_route=%2Fwp%2Fv2%2Fcomments&post=15292"}],"wp:attachment":[{"href":"https:\/\/www.vtsac.com\/index.php?rest_route=%2Fwp%2Fv2%2Fmedia&parent=15292"}],"wp:term":[{"taxonomy":"product_brand","embeddable":true,"href":"https:\/\/www.vtsac.com\/index.php?rest_route=%2Fwp%2Fv2%2Fproduct_brand&post=15292"},{"taxonomy":"product_cat","embeddable":true,"href":"https:\/\/www.vtsac.com\/index.php?rest_route=%2Fwp%2Fv2%2Fproduct_cat&post=15292"},{"taxonomy":"product_tag","embeddable":true,"href":"https:\/\/www.vtsac.com\/index.php?rest_route=%2Fwp%2Fv2%2Fproduct_tag&post=15292"}],"curies":[{"name":"wp","href":"https:\/\/api.w.org\/{rel}","templated":true}]}}