{"id":15287,"date":"2024-11-18T02:13:20","date_gmt":"2024-11-18T07:13:20","guid":{"rendered":"https:\/\/www.vtsac.com\/?post_type=product&#038;p=15287"},"modified":"2024-11-18T02:15:06","modified_gmt":"2024-11-18T07:15:06","slug":"strech-film-12-transparente","status":"publish","type":"product","link":"https:\/\/www.vtsac.com\/?product=strech-film-12-transparente","title":{"rendered":"Strech Film 12&#8243; Transparente"},"content":{"rendered":"<p>Es el utilizado por las m\u00e1quinas envolvedoras (semiautom\u00e1ticas o autom\u00e1ticas). Por su definici\u00f3n es un film que se estira y envuelve a la carga.<\/p>\n","protected":false},"excerpt":{"rendered":"<p>20<b>\u00b5m<\/b> x 300mm (12&#8243;) x 1,800gr. Importada.<\/p>\n","protected":false},"featured_media":0,"comment_status":"open","ping_status":"closed","template":"","meta":[],"product_brand":[],"product_cat":[69],"product_tag":[],"class_list":{"0":"post-15287","1":"product","2":"type-product","3":"status-publish","5":"product_cat-strech-film-y-cinta","7":"first","8":"instock","9":"shipping-taxable","10":"product-type-simple"},"_links":{"self":[{"href":"https:\/\/www.vtsac.com\/index.php?rest_route=\/wp\/v2\/product\/15287","targetHints":{"allow":["GET"]}}],"collection":[{"href":"https:\/\/www.vtsac.com\/index.php?rest_route=\/wp\/v2\/product"}],"about":[{"href":"https:\/\/www.vtsac.com\/index.php?rest_route=\/wp\/v2\/types\/product"}],"replies":[{"embeddable":true,"href":"https:\/\/www.vtsac.com\/index.php?rest_route=%2Fwp%2Fv2%2Fcomments&post=15287"}],"wp:attachment":[{"href":"https:\/\/www.vtsac.com\/index.php?rest_route=%2Fwp%2Fv2%2Fmedia&parent=15287"}],"wp:term":[{"taxonomy":"product_brand","embeddable":true,"href":"https:\/\/www.vtsac.com\/index.php?rest_route=%2Fwp%2Fv2%2Fproduct_brand&post=15287"},{"taxonomy":"product_cat","embeddable":true,"href":"https:\/\/www.vtsac.com\/index.php?rest_route=%2Fwp%2Fv2%2Fproduct_cat&post=15287"},{"taxonomy":"product_tag","embeddable":true,"href":"https:\/\/www.vtsac.com\/index.php?rest_route=%2Fwp%2Fv2%2Fproduct_tag&post=15287"}],"curies":[{"name":"wp","href":"https:\/\/api.w.org\/{rel}","templated":true}]}}