{"id":15257,"date":"2024-11-18T01:19:57","date_gmt":"2024-11-18T06:19:57","guid":{"rendered":"https:\/\/www.vtsac.com\/?post_type=product&#038;p=15257"},"modified":"2024-11-18T01:26:04","modified_gmt":"2024-11-18T06:26:04","slug":"tinta-dtf-inkbank","status":"publish","type":"product","link":"https:\/\/www.vtsac.com\/?product=tinta-dtf-inkbank","title":{"rendered":"Tinta DTF Inkbank"},"content":{"rendered":"","protected":false},"excerpt":{"rendered":"<p>Son tintas acuosas de pigmento y reaccionan con la poliamida, teniendo una destacable adherencia sobre algod\u00f3n tanto en colores oscuros como blancos. Estas tintas son dise\u00f1adas para su uso en todos los cabezales piezo el\u00e9ctricos (DTF Inkbank se usa con una variedad de cabezales de impresi\u00f3n).<\/p>\n","protected":false},"featured_media":0,"comment_status":"open","ping_status":"closed","template":"","meta":[],"product_brand":[],"product_cat":[72],"product_tag":[],"class_list":{"0":"post-15257","1":"product","2":"type-product","3":"status-publish","5":"product_cat-tintas","7":"first","8":"instock","9":"shipping-taxable","10":"product-type-simple"},"_links":{"self":[{"href":"https:\/\/www.vtsac.com\/index.php?rest_route=\/wp\/v2\/product\/15257","targetHints":{"allow":["GET"]}}],"collection":[{"href":"https:\/\/www.vtsac.com\/index.php?rest_route=\/wp\/v2\/product"}],"about":[{"href":"https:\/\/www.vtsac.com\/index.php?rest_route=\/wp\/v2\/types\/product"}],"replies":[{"embeddable":true,"href":"https:\/\/www.vtsac.com\/index.php?rest_route=%2Fwp%2Fv2%2Fcomments&post=15257"}],"wp:attachment":[{"href":"https:\/\/www.vtsac.com\/index.php?rest_route=%2Fwp%2Fv2%2Fmedia&parent=15257"}],"wp:term":[{"taxonomy":"product_brand","embeddable":true,"href":"https:\/\/www.vtsac.com\/index.php?rest_route=%2Fwp%2Fv2%2Fproduct_brand&post=15257"},{"taxonomy":"product_cat","embeddable":true,"href":"https:\/\/www.vtsac.com\/index.php?rest_route=%2Fwp%2Fv2%2Fproduct_cat&post=15257"},{"taxonomy":"product_tag","embeddable":true,"href":"https:\/\/www.vtsac.com\/index.php?rest_route=%2Fwp%2Fv2%2Fproduct_tag&post=15257"}],"curies":[{"name":"wp","href":"https:\/\/api.w.org\/{rel}","templated":true}]}}