{"id":15249,"date":"2024-11-18T01:11:34","date_gmt":"2024-11-18T06:11:34","guid":{"rendered":"https:\/\/www.vtsac.com\/?post_type=product&#038;p=15249"},"modified":"2024-11-18T01:13:00","modified_gmt":"2024-11-18T06:13:00","slug":"tinta-de-sublimacion-generica-1-litro","status":"publish","type":"product","link":"https:\/\/www.vtsac.com\/?product=tinta-de-sublimacion-generica-1-litro","title":{"rendered":"Tinta de Sublimaci\u00f3n Gen\u00e9rica 1 Litro"},"content":{"rendered":"","protected":false},"excerpt":{"rendered":"<p>Tintas usadas en impresoras de inyecci\u00f3n fr\u00eda para imprimir dise\u00f1os que posteriormente se transferir\u00e1n por calor y presi\u00f3n de una plancha a un art\u00edculo publicitario. Es decir para transferir la imagen impresa en el papel, no se transfiere el papel.<\/p>\n","protected":false},"featured_media":0,"comment_status":"open","ping_status":"closed","template":"","meta":[],"product_brand":[],"product_cat":[72],"product_tag":[],"class_list":{"0":"post-15249","1":"product","2":"type-product","3":"status-publish","5":"product_cat-tintas","7":"first","8":"instock","9":"shipping-taxable","10":"product-type-simple"},"_links":{"self":[{"href":"https:\/\/www.vtsac.com\/index.php?rest_route=\/wp\/v2\/product\/15249","targetHints":{"allow":["GET"]}}],"collection":[{"href":"https:\/\/www.vtsac.com\/index.php?rest_route=\/wp\/v2\/product"}],"about":[{"href":"https:\/\/www.vtsac.com\/index.php?rest_route=\/wp\/v2\/types\/product"}],"replies":[{"embeddable":true,"href":"https:\/\/www.vtsac.com\/index.php?rest_route=%2Fwp%2Fv2%2Fcomments&post=15249"}],"wp:attachment":[{"href":"https:\/\/www.vtsac.com\/index.php?rest_route=%2Fwp%2Fv2%2Fmedia&parent=15249"}],"wp:term":[{"taxonomy":"product_brand","embeddable":true,"href":"https:\/\/www.vtsac.com\/index.php?rest_route=%2Fwp%2Fv2%2Fproduct_brand&post=15249"},{"taxonomy":"product_cat","embeddable":true,"href":"https:\/\/www.vtsac.com\/index.php?rest_route=%2Fwp%2Fv2%2Fproduct_cat&post=15249"},{"taxonomy":"product_tag","embeddable":true,"href":"https:\/\/www.vtsac.com\/index.php?rest_route=%2Fwp%2Fv2%2Fproduct_tag&post=15249"}],"curies":[{"name":"wp","href":"https:\/\/api.w.org\/{rel}","templated":true}]}}