{"id":15244,"date":"2024-11-17T20:38:23","date_gmt":"2024-11-18T01:38:23","guid":{"rendered":"https:\/\/www.vtsac.com\/?post_type=product&#038;p=15244"},"modified":"2024-11-17T20:59:52","modified_gmt":"2024-11-18T01:59:52","slug":"tinta-galaxy-eco-dx5-3-5pl","status":"publish","type":"product","link":"https:\/\/www.vtsac.com\/?product=tinta-galaxy-eco-dx5-3-5pl","title":{"rendered":"Tinta Galaxy Eco DX5 3.5PL"},"content":{"rendered":"","protected":false},"excerpt":{"rendered":"<p>Tinta ecosolvente de 3.5 picolitros dise\u00f1ada especialmente para cabezales Epson DX4, DX5 y DX7. Gracias a su nuevo avance, la tinta Eco Galaxy se adhiere perfectamente en sustratos para impresi\u00f3n digital de medio y gran formato, ofreciendo un secado muy r\u00e1pido con gran estabilidad en producci\u00f3n.<\/p>\n","protected":false},"featured_media":0,"comment_status":"open","ping_status":"closed","template":"","meta":[],"product_brand":[],"product_cat":[72],"product_tag":[],"class_list":{"0":"post-15244","1":"product","2":"type-product","3":"status-publish","5":"product_cat-tintas","7":"first","8":"instock","9":"shipping-taxable","10":"product-type-simple"},"_links":{"self":[{"href":"https:\/\/www.vtsac.com\/index.php?rest_route=\/wp\/v2\/product\/15244","targetHints":{"allow":["GET"]}}],"collection":[{"href":"https:\/\/www.vtsac.com\/index.php?rest_route=\/wp\/v2\/product"}],"about":[{"href":"https:\/\/www.vtsac.com\/index.php?rest_route=\/wp\/v2\/types\/product"}],"replies":[{"embeddable":true,"href":"https:\/\/www.vtsac.com\/index.php?rest_route=%2Fwp%2Fv2%2Fcomments&post=15244"}],"wp:attachment":[{"href":"https:\/\/www.vtsac.com\/index.php?rest_route=%2Fwp%2Fv2%2Fmedia&parent=15244"}],"wp:term":[{"taxonomy":"product_brand","embeddable":true,"href":"https:\/\/www.vtsac.com\/index.php?rest_route=%2Fwp%2Fv2%2Fproduct_brand&post=15244"},{"taxonomy":"product_cat","embeddable":true,"href":"https:\/\/www.vtsac.com\/index.php?rest_route=%2Fwp%2Fv2%2Fproduct_cat&post=15244"},{"taxonomy":"product_tag","embeddable":true,"href":"https:\/\/www.vtsac.com\/index.php?rest_route=%2Fwp%2Fv2%2Fproduct_tag&post=15244"}],"curies":[{"name":"wp","href":"https:\/\/api.w.org\/{rel}","templated":true}]}}