{"id":15214,"date":"2024-11-15T00:14:25","date_gmt":"2024-11-15T05:14:25","guid":{"rendered":"https:\/\/www.vtsac.com\/?post_type=product&#038;p=15214"},"modified":"2024-11-15T00:15:57","modified_gmt":"2024-11-15T05:15:57","slug":"pet-gray-back","status":"publish","type":"product","link":"https:\/\/www.vtsac.com\/?product=pet-gray-back","title":{"rendered":"Pet Gray Back"},"content":{"rendered":"","protected":false},"excerpt":{"rendered":"<p>El Poli\u00e9ster es una fibra sint\u00e9tica que ofrece un abanico muy amplio de posibilidades: La intensidad del color de la estampaci\u00f3n es mayor.<br \/>\nMayor resistencia a humedades, abrasiones y condiciones clim\u00e1ticas extremas. F\u00e1cil lavado.<\/p>\n","protected":false},"featured_media":0,"comment_status":"open","ping_status":"closed","template":"","meta":[],"product_brand":[],"product_cat":[43],"product_tag":[],"class_list":{"0":"post-15214","1":"product","2":"type-product","3":"status-publish","5":"product_cat-banner","7":"first","8":"instock","9":"shipping-taxable","10":"product-type-simple"},"_links":{"self":[{"href":"https:\/\/www.vtsac.com\/index.php?rest_route=\/wp\/v2\/product\/15214","targetHints":{"allow":["GET"]}}],"collection":[{"href":"https:\/\/www.vtsac.com\/index.php?rest_route=\/wp\/v2\/product"}],"about":[{"href":"https:\/\/www.vtsac.com\/index.php?rest_route=\/wp\/v2\/types\/product"}],"replies":[{"embeddable":true,"href":"https:\/\/www.vtsac.com\/index.php?rest_route=%2Fwp%2Fv2%2Fcomments&post=15214"}],"wp:attachment":[{"href":"https:\/\/www.vtsac.com\/index.php?rest_route=%2Fwp%2Fv2%2Fmedia&parent=15214"}],"wp:term":[{"taxonomy":"product_brand","embeddable":true,"href":"https:\/\/www.vtsac.com\/index.php?rest_route=%2Fwp%2Fv2%2Fproduct_brand&post=15214"},{"taxonomy":"product_cat","embeddable":true,"href":"https:\/\/www.vtsac.com\/index.php?rest_route=%2Fwp%2Fv2%2Fproduct_cat&post=15214"},{"taxonomy":"product_tag","embeddable":true,"href":"https:\/\/www.vtsac.com\/index.php?rest_route=%2Fwp%2Fv2%2Fproduct_tag&post=15214"}],"curies":[{"name":"wp","href":"https:\/\/api.w.org\/{rel}","templated":true}]}}