{"id":14855,"date":"2024-11-10T21:37:13","date_gmt":"2024-11-10T20:37:13","guid":{"rendered":"https:\/\/www.vtsac.com\/?post_type=product&#038;p=14855"},"modified":"2024-11-10T21:40:21","modified_gmt":"2024-11-10T20:40:21","slug":"isopos-12cm50-unidades-22cm10-unidades","status":"publish","type":"product","link":"https:\/\/www.vtsac.com\/?product=isopos-12cm50-unidades-22cm10-unidades","title":{"rendered":"Pa\u00f1os"},"content":{"rendered":"","protected":false},"excerpt":{"rendered":"<p>Pa\u00f1o Industrial anti-polvo de poli\u00e9ster para limpieza de cabezales de impresi\u00f3n.<br \/>\nPara limpiar cabezales para plotter Eco solvente, solvente, uv, Roland, Mimaki, Mutoh, Galaxy, Polaroid, y otros.<\/p>\n","protected":false},"featured_media":0,"comment_status":"open","ping_status":"closed","template":"","meta":[],"product_brand":[],"product_cat":[30],"product_tag":[],"class_list":{"0":"post-14855","1":"product","2":"type-product","3":"status-publish","5":"product_cat-accesorios","7":"first","8":"instock","9":"shipping-taxable","10":"product-type-simple"},"_links":{"self":[{"href":"https:\/\/www.vtsac.com\/index.php?rest_route=\/wp\/v2\/product\/14855","targetHints":{"allow":["GET"]}}],"collection":[{"href":"https:\/\/www.vtsac.com\/index.php?rest_route=\/wp\/v2\/product"}],"about":[{"href":"https:\/\/www.vtsac.com\/index.php?rest_route=\/wp\/v2\/types\/product"}],"replies":[{"embeddable":true,"href":"https:\/\/www.vtsac.com\/index.php?rest_route=%2Fwp%2Fv2%2Fcomments&post=14855"}],"wp:attachment":[{"href":"https:\/\/www.vtsac.com\/index.php?rest_route=%2Fwp%2Fv2%2Fmedia&parent=14855"}],"wp:term":[{"taxonomy":"product_brand","embeddable":true,"href":"https:\/\/www.vtsac.com\/index.php?rest_route=%2Fwp%2Fv2%2Fproduct_brand&post=14855"},{"taxonomy":"product_cat","embeddable":true,"href":"https:\/\/www.vtsac.com\/index.php?rest_route=%2Fwp%2Fv2%2Fproduct_cat&post=14855"},{"taxonomy":"product_tag","embeddable":true,"href":"https:\/\/www.vtsac.com\/index.php?rest_route=%2Fwp%2Fv2%2Fproduct_tag&post=14855"}],"curies":[{"name":"wp","href":"https:\/\/api.w.org\/{rel}","templated":true}]}}