{"id":14854,"date":"2024-11-10T21:34:16","date_gmt":"2024-11-10T20:34:16","guid":{"rendered":"https:\/\/www.vtsac.com\/?post_type=product&#038;p=14854"},"modified":"2024-11-10T21:35:59","modified_gmt":"2024-11-10T20:35:59","slug":"papel-para-sublimacion-a4-paq-x-100-hojas","status":"publish","type":"product","link":"https:\/\/www.vtsac.com\/?product=papel-para-sublimacion-a4-paq-x-100-hojas","title":{"rendered":"Papel para Sublimaci\u00f3n A4 Paq. x 100 hojas"},"content":{"rendered":"","protected":false},"excerpt":{"rendered":"<p>Act\u00faa como un transportador de la tinta hasta la superficie del objeto sublimable (textil, madera, porcelana, aluminio, etc.).<br \/>\nPara transferir el dise\u00f1o, esta es su funci\u00f3n, pero este proceso se realiza bajo determinados par\u00e1metros de temperatura y presi\u00f3n.<\/p>\n","protected":false},"featured_media":0,"comment_status":"open","ping_status":"closed","template":"","meta":[],"product_brand":[],"product_cat":[30],"product_tag":[],"class_list":{"0":"post-14854","1":"product","2":"type-product","3":"status-publish","5":"product_cat-accesorios","7":"first","8":"instock","9":"shipping-taxable","10":"product-type-simple"},"_links":{"self":[{"href":"https:\/\/www.vtsac.com\/index.php?rest_route=\/wp\/v2\/product\/14854","targetHints":{"allow":["GET"]}}],"collection":[{"href":"https:\/\/www.vtsac.com\/index.php?rest_route=\/wp\/v2\/product"}],"about":[{"href":"https:\/\/www.vtsac.com\/index.php?rest_route=\/wp\/v2\/types\/product"}],"replies":[{"embeddable":true,"href":"https:\/\/www.vtsac.com\/index.php?rest_route=%2Fwp%2Fv2%2Fcomments&post=14854"}],"wp:attachment":[{"href":"https:\/\/www.vtsac.com\/index.php?rest_route=%2Fwp%2Fv2%2Fmedia&parent=14854"}],"wp:term":[{"taxonomy":"product_brand","embeddable":true,"href":"https:\/\/www.vtsac.com\/index.php?rest_route=%2Fwp%2Fv2%2Fproduct_brand&post=14854"},{"taxonomy":"product_cat","embeddable":true,"href":"https:\/\/www.vtsac.com\/index.php?rest_route=%2Fwp%2Fv2%2Fproduct_cat&post=14854"},{"taxonomy":"product_tag","embeddable":true,"href":"https:\/\/www.vtsac.com\/index.php?rest_route=%2Fwp%2Fv2%2Fproduct_tag&post=14854"}],"curies":[{"name":"wp","href":"https:\/\/api.w.org\/{rel}","templated":true}]}}