{"id":14853,"date":"2024-11-10T21:32:28","date_gmt":"2024-11-10T20:32:28","guid":{"rendered":"https:\/\/www.vtsac.com\/?post_type=product&#038;p=14853"},"modified":"2024-11-10T21:33:28","modified_gmt":"2024-11-10T20:33:28","slug":"transfer-pvc-0-15cm-0-30cm-0-60cm","status":"publish","type":"product","link":"https:\/\/www.vtsac.com\/?product=transfer-pvc-0-15cm-0-30cm-0-60cm","title":{"rendered":"Transfer PVC 0.15cm \/ 0.30cm \/ 0.60cm"},"content":{"rendered":"","protected":false},"excerpt":{"rendered":"<p>Pvc transparente estampar dise\u00f1os o dibujos en prendas.<br \/>\nSe utiliza sobre todo para estampar dise\u00f1os o dibujos en prendas. De este modo puedes conseguir ropa y dise\u00f1os nuevos, originales y muy econ\u00f3micos.<\/p>\n","protected":false},"featured_media":0,"comment_status":"open","ping_status":"closed","template":"","meta":[],"product_brand":[],"product_cat":[30],"product_tag":[],"class_list":{"0":"post-14853","1":"product","2":"type-product","3":"status-publish","5":"product_cat-accesorios","7":"first","8":"instock","9":"shipping-taxable","10":"product-type-simple"},"_links":{"self":[{"href":"https:\/\/www.vtsac.com\/index.php?rest_route=\/wp\/v2\/product\/14853","targetHints":{"allow":["GET"]}}],"collection":[{"href":"https:\/\/www.vtsac.com\/index.php?rest_route=\/wp\/v2\/product"}],"about":[{"href":"https:\/\/www.vtsac.com\/index.php?rest_route=\/wp\/v2\/types\/product"}],"replies":[{"embeddable":true,"href":"https:\/\/www.vtsac.com\/index.php?rest_route=%2Fwp%2Fv2%2Fcomments&post=14853"}],"wp:attachment":[{"href":"https:\/\/www.vtsac.com\/index.php?rest_route=%2Fwp%2Fv2%2Fmedia&parent=14853"}],"wp:term":[{"taxonomy":"product_brand","embeddable":true,"href":"https:\/\/www.vtsac.com\/index.php?rest_route=%2Fwp%2Fv2%2Fproduct_brand&post=14853"},{"taxonomy":"product_cat","embeddable":true,"href":"https:\/\/www.vtsac.com\/index.php?rest_route=%2Fwp%2Fv2%2Fproduct_cat&post=14853"},{"taxonomy":"product_tag","embeddable":true,"href":"https:\/\/www.vtsac.com\/index.php?rest_route=%2Fwp%2Fv2%2Fproduct_tag&post=14853"}],"curies":[{"name":"wp","href":"https:\/\/api.w.org\/{rel}","templated":true}]}}