{"id":14842,"date":"2024-11-10T21:23:07","date_gmt":"2024-11-10T20:23:07","guid":{"rendered":"https:\/\/www.vtsac.com\/?post_type=product&#038;p=14842"},"modified":"2024-11-10T21:24:06","modified_gmt":"2024-11-10T20:24:06","slug":"cinta-espumada-negro-blanco","status":"publish","type":"product","link":"https:\/\/www.vtsac.com\/?product=cinta-espumada-negro-blanco","title":{"rendered":"Cinta Espumada Negro \/ Blanco"},"content":{"rendered":"","protected":false},"excerpt":{"rendered":"<p>Est\u00e1 dise\u00f1ada espec\u00edficamente para lograr una buena adherencia de pl\u00e1sticos de energ\u00eda superficial alta, media y baja, pinturas, metales y vidrio.<br \/>\nLas aplicaciones de esta cinta incluyen la adhesi\u00f3n y el sellado de los lentes de policarbonato sobre LCD, letreros y ventanas a paneles de control ya pintados.<\/p>\n","protected":false},"featured_media":0,"comment_status":"open","ping_status":"closed","template":"","meta":[],"product_brand":[],"product_cat":[30],"product_tag":[],"class_list":{"0":"post-14842","1":"product","2":"type-product","3":"status-publish","5":"product_cat-accesorios","7":"first","8":"instock","9":"shipping-taxable","10":"product-type-simple"},"_links":{"self":[{"href":"https:\/\/www.vtsac.com\/index.php?rest_route=\/wp\/v2\/product\/14842","targetHints":{"allow":["GET"]}}],"collection":[{"href":"https:\/\/www.vtsac.com\/index.php?rest_route=\/wp\/v2\/product"}],"about":[{"href":"https:\/\/www.vtsac.com\/index.php?rest_route=\/wp\/v2\/types\/product"}],"replies":[{"embeddable":true,"href":"https:\/\/www.vtsac.com\/index.php?rest_route=%2Fwp%2Fv2%2Fcomments&post=14842"}],"wp:attachment":[{"href":"https:\/\/www.vtsac.com\/index.php?rest_route=%2Fwp%2Fv2%2Fmedia&parent=14842"}],"wp:term":[{"taxonomy":"product_brand","embeddable":true,"href":"https:\/\/www.vtsac.com\/index.php?rest_route=%2Fwp%2Fv2%2Fproduct_brand&post=14842"},{"taxonomy":"product_cat","embeddable":true,"href":"https:\/\/www.vtsac.com\/index.php?rest_route=%2Fwp%2Fv2%2Fproduct_cat&post=14842"},{"taxonomy":"product_tag","embeddable":true,"href":"https:\/\/www.vtsac.com\/index.php?rest_route=%2Fwp%2Fv2%2Fproduct_tag&post=14842"}],"curies":[{"name":"wp","href":"https:\/\/api.w.org\/{rel}","templated":true}]}}